{"id":10,"date":"2019-09-13T21:43:02","date_gmt":"2019-09-13T19:43:02","guid":{"rendered":"http:\/\/oraisonconduite.fr\/?page_id=10"},"modified":"2024-01-31T19:13:36","modified_gmt":"2024-01-31T18:13:36","slug":"formules-proposees","status":"publish","type":"page","link":"https:\/\/oraisonconduite.fr\/?page_id=10","title":{"rendered":"Formules propos\u00e9es"},"content":{"rendered":"\n<div style=\"height:50px\" aria-hidden=\"true\" class=\"wp-block-spacer\"><\/div>\n\n\n\n<p class=\"has-text-align-center has-very-dark-gray-color has-text-color\" style=\"font-size:30px\">Les papiers \u00e0 fournir en fonction des permis<\/p>\n\n\n\n<div class=\"wp-block-file alignleft\"><a id=\"wp-block-file--media-4edf1b58-7721-4e13-b8ca-04fa53d93468\" href=\"https:\/\/oraisonconduite.fr\/wp-content\/uploads\/2024\/01\/Papiers-a-fournir-permis-B-et-A.pdf\" target=\"_blank\" rel=\"noreferrer noopener\">Permis A et B<\/a><a href=\"https:\/\/oraisonconduite.fr\/wp-content\/uploads\/2024\/01\/Papiers-a-fournir-permis-B-et-A.pdf\" class=\"wp-block-file__button wp-element-button\" download aria-describedby=\"wp-block-file--media-4edf1b58-7721-4e13-b8ca-04fa53d93468\">T\u00e9l\u00e9charger<\/a><\/div>\n\n\n\n<div class=\"wp-block-file alignright\"><a id=\"wp-block-file--media-354b0c66-5ca1-48d6-b310-02931f48e704\" href=\"https:\/\/oraisonconduite.fr\/wp-content\/uploads\/2024\/01\/Papiers-a-fournir-Am-et-125.pdf\" target=\"_blank\" rel=\"noreferrer noopener\">Permis AM et 125<\/a><a href=\"https:\/\/oraisonconduite.fr\/wp-content\/uploads\/2024\/01\/Papiers-a-fournir-Am-et-125.pdf\" class=\"wp-block-file__button wp-element-button\" download aria-describedby=\"wp-block-file--media-354b0c66-5ca1-48d6-b310-02931f48e704\">T\u00e9l\u00e9charger<\/a><\/div>\n\n\n\n<div style=\"height:100px\" aria-hidden=\"true\" class=\"wp-block-spacer\"><\/div>\n\n\n\n<p class=\"has-text-align-center has-pale-cyan-blue-background-color has-background\" style=\"font-size:30px\">Le d\u00e9tail des programmes de formation sont disponibles dans les pages d\u00e9di\u00e9es. Elles sont accessibles via le menu en haut de page.<\/p>\n\n\n\n<div style=\"height:100px\" aria-hidden=\"true\" class=\"wp-block-spacer\"><\/div>\n\n\n\n<div style=\"height:100px\" aria-hidden=\"true\" class=\"wp-block-spacer\"><\/div>\n","protected":false},"excerpt":{"rendered":"<p>Les papiers \u00e0 fournir en fonction des permis Le d\u00e9tail des programmes de formation sont disponibles dans les pages d\u00e9di\u00e9es. Elles sont accessibles via le menu en haut de page.<\/p>\n","protected":false},"author":1,"featured_media":0,"parent":0,"menu_order":3,"comment_status":"closed","ping_status":"closed","template":"","meta":{"footnotes":""},"class_list":["post-10","page","type-page","status-publish","hentry"],"_links":{"self":[{"href":"https:\/\/oraisonconduite.fr\/index.php?rest_route=\/wp\/v2\/pages\/10","targetHints":{"allow":["GET"]}}],"collection":[{"href":"https:\/\/oraisonconduite.fr\/index.php?rest_route=\/wp\/v2\/pages"}],"about":[{"href":"https:\/\/oraisonconduite.fr\/index.php?rest_route=\/wp\/v2\/types\/page"}],"author":[{"embeddable":true,"href":"https:\/\/oraisonconduite.fr\/index.php?rest_route=\/wp\/v2\/users\/1"}],"replies":[{"embeddable":true,"href":"https:\/\/oraisonconduite.fr\/index.php?rest_route=%2Fwp%2Fv2%2Fcomments&post=10"}],"version-history":[{"count":3,"href":"https:\/\/oraisonconduite.fr\/index.php?rest_route=\/wp\/v2\/pages\/10\/revisions"}],"predecessor-version":[{"id":1173,"href":"https:\/\/oraisonconduite.fr\/index.php?rest_route=\/wp\/v2\/pages\/10\/revisions\/1173"}],"wp:attachment":[{"href":"https:\/\/oraisonconduite.fr\/index.php?rest_route=%2Fwp%2Fv2%2Fmedia&parent=10"}],"curies":[{"name":"wp","href":"https:\/\/api.w.org\/{rel}","templated":true}]}}