{"id":62,"date":"2019-09-16T19:43:32","date_gmt":"2019-09-16T17:43:32","guid":{"rendered":"http:\/\/oraisonconduite.fr\/?page_id=62"},"modified":"2026-02-06T09:44:02","modified_gmt":"2026-02-06T08:44:02","slug":"tarifs","status":"publish","type":"page","link":"https:\/\/oraisonconduite.fr\/?page_id=62","title":{"rendered":"Tarifs"},"content":{"rendered":"\n<div style=\"height:50px\" aria-hidden=\"true\" class=\"wp-block-spacer\"><\/div>\n\n\n\n<p class=\"has-text-align-center\" style=\"font-size:30px\">Le d\u00e9tail des prestations est disponible en cliquant sur la formule d\u00e9sir\u00e9e.<\/p>\n\n\n\n<p class=\"has-text-align-center\" style=\"font-size:30px\">Le document est t\u00e9l\u00e9chargeable avec le bouton d\u00e9di\u00e9 en dessous. <\/p>\n\n\n\n<div style=\"height:50px\" aria-hidden=\"true\" class=\"wp-block-spacer\"><\/div>\n\n\n\n<p class=\"has-text-align-center\" style=\"font-size:21px\"><strong>Les moyens de paiement accept\u00e9s sont<\/strong> : Carte Bancaire, Esp\u00e8ces, Ch\u00e8ques, Permis \u00e0 1 \u20ac, Compte personnel de formation.<\/p>\n\n\n\n<div style=\"height:50px\" aria-hidden=\"true\" class=\"wp-block-spacer\"><\/div>\n\n\n\n<p class=\"has-text-align-center has-light-green-cyan-background-color has-text-color has-background\" style=\"color:#c12875;font-size:40px\"><strong><a href=\"https:\/\/oraisonconduite.fr\/wp-content\/uploads\/2026\/02\/Details-prestations-2026.pdf\">D\u00e9tails des Prestations<\/a><\/strong><\/p>\n\n\n\n<div class=\"wp-block-file aligncenter\"><a href=\"https:\/\/oraisonconduite.fr\/wp-content\/uploads\/2026\/02\/Details-prestations-2026.pdf\" class=\"wp-block-file__button wp-element-button\" download>T\u00e9l\u00e9charger<\/a><\/div>\n\n\n\n<div style=\"height:50px\" aria-hidden=\"true\" class=\"wp-block-spacer\"><\/div>\n\n\n\n<p class=\"has-text-align-center has-light-green-cyan-background-color has-text-color has-background\" style=\"color:#c12875;font-size:40px\"><strong><a href=\"https:\/\/oraisonconduite.fr\/wp-content\/uploads\/2025\/02\/B-2025.pdf\" target=\"_blank\" rel=\"noreferrer noopener\">Forfait Permis B<\/a><\/strong><\/p>\n\n\n\n<div class=\"wp-block-file aligncenter\"><a href=\"https:\/\/oraisonconduite.fr\/wp-content\/uploads\/2025\/02\/B-2025.pdf\" class=\"wp-block-file__button wp-element-button\" download>T\u00e9l\u00e9charger<\/a><\/div>\n\n\n\n<div style=\"height:50px\" aria-hidden=\"true\" class=\"wp-block-spacer\"><\/div>\n\n\n\n<p class=\"has-text-align-center has-light-green-cyan-background-color has-text-color has-background has-link-color wp-elements-333f0ee3301837e9cbb9c9f8e24bea26\" style=\"color:#c12875;font-size:40px\"><strong><a href=\"https:\/\/oraisonconduite.fr\/wp-content\/uploads\/2025\/06\/B-boite-auto-2025.pdf\">Forfait Permis B &#8211; Bo\u00eete automatique<\/a><\/strong><\/p>\n\n\n\n<div class=\"wp-block-file aligncenter\"><a href=\"https:\/\/oraisonconduite.fr\/wp-content\/uploads\/2025\/06\/B-boite-auto-2025.pdf\" class=\"wp-block-file__button wp-element-button\" download>T\u00e9l\u00e9charger<\/a><\/div>\n\n\n\n<div style=\"height:50px\" aria-hidden=\"true\" class=\"wp-block-spacer\"><\/div>\n\n\n\n<p class=\"has-text-align-center has-light-green-cyan-background-color has-text-color has-background\" style=\"color:#c12875;font-size:40px\"><strong><a href=\"https:\/\/oraisonconduite.fr\/wp-content\/uploads\/2025\/02\/AAC-2025.pdf\" target=\"_blank\" rel=\"noreferrer noopener\">Forfait Conduite AAC<\/a><\/strong><\/p>\n\n\n\n<div class=\"wp-block-file aligncenter\"><a href=\"https:\/\/oraisonconduite.fr\/wp-content\/uploads\/2025\/02\/AAC-2025.pdf\" class=\"wp-block-file__button wp-element-button\" download>T\u00e9l\u00e9charger<\/a><\/div>\n\n\n\n<div style=\"height:50px\" aria-hidden=\"true\" class=\"wp-block-spacer\"><\/div>\n\n\n\n<p class=\"has-text-align-center has-light-green-cyan-background-color has-text-color has-background has-link-color wp-elements-58946eb7b82883c857173bb3d7862c85\" style=\"color:#c12875;font-size:40px\"><a href=\"https:\/\/oraisonconduite.fr\/wp-content\/uploads\/2025\/06\/AAC-Boite-auto-2025.pdf\"><strong>Forfait Conduite AAC &#8211; Bo\u00eete automatique<\/strong><\/a><\/p>\n\n\n\n<div class=\"wp-block-file aligncenter\"><a href=\"https:\/\/oraisonconduite.fr\/wp-content\/uploads\/2025\/06\/AAC-Boite-auto-2025.pdf\" class=\"wp-block-file__button wp-element-button\" download>T\u00e9l\u00e9charger<\/a><\/div>\n\n\n\n<div style=\"height:50px\" aria-hidden=\"true\" class=\"wp-block-spacer\"><\/div>\n\n\n\n<p class=\"has-text-align-center has-light-green-cyan-background-color has-text-color has-background\" style=\"color:#c12875;font-size:40px\"><strong><a href=\"https:\/\/oraisonconduite.fr\/wp-content\/uploads\/2025\/02\/B-CS-2025.pdf\" target=\"_blank\" rel=\"noreferrer noopener\">Forfait Conduite Supervis\u00e9e<\/a><\/strong><\/p>\n\n\n\n<div class=\"wp-block-file aligncenter\"><a href=\"https:\/\/oraisonconduite.fr\/wp-content\/uploads\/2025\/02\/B-CS-2025.pdf\" class=\"wp-block-file__button wp-element-button\" download>T\u00e9l\u00e9charger<\/a><\/div>\n\n\n\n<div style=\"height:50px\" aria-hidden=\"true\" class=\"wp-block-spacer\"><\/div>\n\n\n\n<p class=\"has-text-align-center has-light-green-cyan-background-color has-text-color has-background\" style=\"color:#c12875;font-size:40px\"><strong><a href=\"https:\/\/oraisonconduite.fr\/wp-content\/uploads\/2025\/02\/Forfait-A1-2025.pdf\" target=\"_blank\" rel=\"noreferrer noopener\">Forfait Permis A1<\/a><\/strong><\/p>\n\n\n\n<div class=\"wp-block-file aligncenter\"><a href=\"https:\/\/oraisonconduite.fr\/wp-content\/uploads\/2025\/02\/Forfait-A1-2025.pdf\" class=\"wp-block-file__button wp-element-button\" download>T\u00e9l\u00e9charger<\/a><\/div>\n\n\n\n<div style=\"height:50px\" aria-hidden=\"true\" class=\"wp-block-spacer\"><\/div>\n\n\n\n<p class=\"has-text-align-center has-light-green-cyan-background-color has-text-color has-background\" style=\"color:#c12875;font-size:40px\"><strong><a href=\"https:\/\/oraisonconduite.fr\/wp-content\/uploads\/2025\/02\/Forfait-A2-2025.pdf\" target=\"_blank\" rel=\"noreferrer noopener\">Forfait Permis A2<\/a><\/strong><\/p>\n\n\n\n<div class=\"wp-block-file aligncenter\"><a href=\"https:\/\/oraisonconduite.fr\/wp-content\/uploads\/2025\/02\/Forfait-A2-2025.pdf\" class=\"wp-block-file__button wp-element-button\" download>T\u00e9l\u00e9charger<\/a><\/div>\n\n\n\n<div style=\"height:50px\" aria-hidden=\"true\" class=\"wp-block-spacer\"><\/div>\n\n\n\n<p class=\"has-text-align-center has-light-green-cyan-background-color has-text-color has-background\" style=\"color:#c12875;font-size:40px\"><strong><a href=\"https:\/\/oraisonconduite.fr\/wp-content\/uploads\/2023\/02\/Forfait-AM-2023-2024.pdf\" target=\"_blank\" rel=\"noreferrer noopener\">Forfait Permis AM<\/a><\/strong><\/p>\n\n\n\n<div class=\"wp-block-file aligncenter\"><a href=\"https:\/\/oraisonconduite.fr\/wp-content\/uploads\/2023\/02\/Forfait-AM-2023-2024.pdf\" class=\"wp-block-file__button wp-element-button\" download>T\u00e9l\u00e9charger<\/a><\/div>\n\n\n\n<div style=\"height:50px\" aria-hidden=\"true\" class=\"wp-block-spacer\"><\/div>\n\n\n\n<p class=\"has-text-align-center has-light-green-cyan-background-color has-text-color has-background\" style=\"color:#c12875;font-size:40px\"><strong><a href=\"https:\/\/oraisonconduite.fr\/wp-content\/uploads\/2023\/02\/Forfait-125-2023-2024.pdf\" target=\"_blank\" rel=\"noreferrer noopener\">Forfait 7H pour 125 cm3 (A1<\/a>)<\/strong><\/p>\n\n\n\n<div class=\"wp-block-file aligncenter\"><a href=\"https:\/\/oraisonconduite.fr\/wp-content\/uploads\/2023\/02\/Forfait-125-2023-2024.pdf\" class=\"wp-block-file__button wp-element-button\" download>T\u00e9l\u00e9charger<\/a><\/div>\n\n\n\n<div style=\"height:50px\" aria-hidden=\"true\" class=\"wp-block-spacer\"><\/div>\n\n\n\n<p class=\"has-text-align-center has-light-green-cyan-background-color has-text-color has-background\" style=\"color:#c12875;font-size:40px\"><strong><a href=\"https:\/\/oraisonconduite.fr\/wp-content\/uploads\/2024\/01\/Passerelle-A2-vers-A-2024.pdf\">Passerelle A2 vers A<\/a><\/strong><\/p>\n\n\n\n<div class=\"wp-block-file aligncenter\"><a href=\"https:\/\/oraisonconduite.fr\/wp-content\/uploads\/2024\/01\/Passerelle-A2-vers-A-2024.pdf\" class=\"wp-block-file__button wp-element-button\" download>T\u00e9l\u00e9charger<\/a><\/div>\n\n\n\n<div style=\"height:50px\" aria-hidden=\"true\" class=\"wp-block-spacer\"><\/div>\n\n\n\n<p class=\"has-text-align-center has-light-green-cyan-background-color has-text-color has-background\" style=\"color:#c12875;font-size:40px\"><strong><a href=\"https:\/\/oraisonconduite.fr\/wp-content\/uploads\/2024\/01\/Forfait-code-2024.pdf\">Forfaits Code<\/a><\/strong><\/p>\n\n\n\n<div class=\"wp-block-file aligncenter\"><a href=\"https:\/\/oraisonconduite.fr\/wp-content\/uploads\/2024\/01\/Forfait-code-2024.pdf\" class=\"wp-block-file__button wp-element-button\" download>T\u00e9l\u00e9charger<\/a><\/div>\n\n\n\n<div style=\"height:50px\" aria-hidden=\"true\" class=\"wp-block-spacer\"><\/div>\n\n\n\n<p class=\"has-text-align-center has-light-green-cyan-background-color has-text-color has-background\" style=\"color:#c12875;font-size:40px\"><a rel=\"noreferrer noopener\" aria-label=\" (s\u2019ouvre dans un nouvel onglet)\" href=\"https:\/\/oraisonconduite.fr\/wp-content\/uploads\/2019\/10\/Forfait-Formation-postpermis.pdf\" target=\"_blank\"><strong>Forfait Post Permis<\/strong><\/a><\/p>\n\n\n\n<div class=\"wp-block-file aligncenter\"><a href=\"https:\/\/oraisonconduite.fr\/wp-content\/uploads\/2020\/02\/programme-postpermis.pdf\" class=\"wp-block-file__button wp-element-button\" download>T\u00e9l\u00e9charger<\/a><\/div>\n\n\n\n<div style=\"height:50px\" aria-hidden=\"true\" class=\"wp-block-spacer\"><\/div>\n\n\n\n<p>Le temps d&rsquo;actualisation du site internet peut entrainer une diff\u00e9rence de tarif entre ceux pr\u00e9sent\u00e9s ci-dessus et les tarifs affich\u00e9s \u00e0 l&rsquo;auto-\u00e9cole. <\/p>\n\n\n\n<p>Les tarifs appliqu\u00e9s sont ceux r\u00e9glementairement affich\u00e9s dans l&rsquo;\u00e9tablissement.<\/p>\n\n\n\n<p><\/p>\n","protected":false},"excerpt":{"rendered":"<p>Le d\u00e9tail des prestations est disponible en cliquant sur la formule d\u00e9sir\u00e9e. Le document est t\u00e9l\u00e9chargeable avec le bouton d\u00e9di\u00e9 en dessous. Les moyens de paiement accept\u00e9s sont : Carte Bancaire, Esp\u00e8ces, Ch\u00e8ques, Permis \u00e0 1 \u20ac, Compte personnel de formation. D\u00e9tails des Prestations Forfait Permis B Forfait Permis B &#8211; Bo\u00eete automatique Forfait Conduite [&hellip;]<\/p>\n","protected":false},"author":1,"featured_media":0,"parent":0,"menu_order":4,"comment_status":"closed","ping_status":"closed","template":"","meta":{"footnotes":""},"class_list":["post-62","page","type-page","status-publish","hentry"],"_links":{"self":[{"href":"https:\/\/oraisonconduite.fr\/index.php?rest_route=\/wp\/v2\/pages\/62","targetHints":{"allow":["GET"]}}],"collection":[{"href":"https:\/\/oraisonconduite.fr\/index.php?rest_route=\/wp\/v2\/pages"}],"about":[{"href":"https:\/\/oraisonconduite.fr\/index.php?rest_route=\/wp\/v2\/types\/page"}],"author":[{"embeddable":true,"href":"https:\/\/oraisonconduite.fr\/index.php?rest_route=\/wp\/v2\/users\/1"}],"replies":[{"embeddable":true,"href":"https:\/\/oraisonconduite.fr\/index.php?rest_route=%2Fwp%2Fv2%2Fcomments&post=62"}],"version-history":[{"count":61,"href":"https:\/\/oraisonconduite.fr\/index.php?rest_route=\/wp\/v2\/pages\/62\/revisions"}],"predecessor-version":[{"id":1288,"href":"https:\/\/oraisonconduite.fr\/index.php?rest_route=\/wp\/v2\/pages\/62\/revisions\/1288"}],"wp:attachment":[{"href":"https:\/\/oraisonconduite.fr\/index.php?rest_route=%2Fwp%2Fv2%2Fmedia&parent=62"}],"curies":[{"name":"wp","href":"https:\/\/api.w.org\/{rel}","templated":true}]}}